{"id":311,"date":"2022-12-28T03:23:51","date_gmt":"2022-12-28T03:23:51","guid":{"rendered":"https:\/\/phucuongseafood.com\/?page_id=311"},"modified":"2023-02-13T03:08:03","modified_gmt":"2023-02-13T03:08:03","slug":"kicoimex","status":"publish","type":"page","link":"https:\/\/phucuongseafood.com\/vi\/gioi-thieu\/cong-ty-thanh-vien\/kicoimex\/","title":{"rendered":"Kicoimex"},"content":{"rendered":"<p>L\u00e0 m\u1ed9t th\u00e0nh vi\u00ean c\u1ee7a T\u1eadp \u0110o\u00e0n Ph\u00fa C\u01b0\u1eddng. \u0110\u01b0\u1ee3c th\u00e0nh l\u1eadp ng\u00e0y 13\/05\/2008. Cty hi\u1ec7n c\u00f3 2 x\u00ed nghi\u1ec7p v\u1edbi t\u1ed5ng s\u1ea3n l\u01b0\u1ee3ng 30.000 t\u1ea5n\/n\u0103m. Ch\u1ea3 c\u00e1 Surimi l\u00e0 s\u1ea3n ph\u1ea9m ch\u00ednh c\u1ee7a Cty. V\u1ecb tr\u00ed c\u1ee7a Cty \u0111\u01b0\u1ee3c \u0111\u1eb7t ngay C\u1ea3ng C\u00e1 T\u1eafc C\u1eadu. C\u1ea3ng c\u00e1 l\u1edbn nh\u1ea5t c\u1ee7a Vi\u1ec7t Nam do \u0111\u00f3 c\u00f3 th\u1ec3 khai th\u00e1c t\u1ed1i \u0111a ngu\u1ed3n nguy\u00ean li\u1ec7u d\u1ed3i d\u00e0o t\u1eeb ngu\u1ed3n \u0111\u00e1nh b\u1eaft t\u1ef1 nhi\u00ean. Th\u01b0\u01a1ng hi\u1ec7u Kicoimex \u0111\u00e3 c\u00f3 m\u1ed9t l\u1ecbch s\u1eed l\u00e2u d\u00e0i v\u00e0 uy t\u00edn tr\u00ean th\u1ecb tr\u01b0\u1eddng. V\u1edbi trang thi\u1ebft b\u1ecb \u0111\u01b0\u1ee3c \u0111\u1ea7u t\u01b0 m\u1edbi, nh\u00e0 x\u01b0\u1edfng \u0111\u01b0\u1ee3c n\u00e2ng c\u1ea5p v\u00e0 s\u1edf h\u1eefu m\u1ed9t \u0111\u1ed9i ng\u0169 c\u00e1n b\u1ed9 qu\u1ea3n l\u00fd nhi\u1ec1u kinh nghi\u1ec7m, m\u1ed9t l\u1ef1c l\u01b0\u1ee3ng c\u00f4ng nh\u00e2n c\u00f3 tay ngh\u1ec1 cao. Kicoimex \u0111\u00e3 v\u00e0 s\u1ebd khai th\u00e1c t\u1ed1i \u0111a l\u1ee3i th\u1ebf \u0111\u1ec3 ph\u00e1t tri\u1ec3n Cty ng\u00e0y c\u00e0ng b\u1ec1n v\u1eefng v\u00e0 \u0111\u00e1p \u1ee9ng m\u1ecdi y\u00eau c\u1ea7u c\u1ee7a kh\u00e1ch h\u00e0ng v\u1ec1 \u0111a d\u1ea1ng d\u00f2ng s\u1ea3n ph\u1ea9m.<\/p>\n<p><img decoding=\"async\" loading=\"lazy\" class=\"wp-image-304 size-full aligncenter\" src=\"https:\/\/phucuongseafood.com\/wp-content\/uploads\/2022\/12\/Component-6.jpg\" alt=\"\" width=\"998\" height=\"816\" srcset=\"https:\/\/phucuongseafood.com\/wp-content\/uploads\/2022\/12\/Component-6.jpg 998w, https:\/\/phucuongseafood.com\/wp-content\/uploads\/2022\/12\/Component-6-300x245.jpg 300w, https:\/\/phucuongseafood.com\/wp-content\/uploads\/2022\/12\/Component-6-768x628.jpg 768w\" sizes=\"(max-width: 998px) 100vw, 998px\" \/><\/p>\n","protected":false},"excerpt":{"rendered":"<p>L\u00e0 m\u1ed9t th\u00e0nh vi\u00ean c\u1ee7a T\u1eadp \u0110o\u00e0n Ph\u00fa C\u01b0\u1eddng. \u0110\u01b0\u1ee3c th\u00e0nh l\u1eadp ng\u00e0y 13\/05\/2008. Cty hi\u1ec7n c\u00f3 2 x\u00ed nghi\u1ec7p v\u1edbi t\u1ed5ng s\u1ea3n l\u01b0\u1ee3ng 30.000 t\u1ea5n\/n\u0103m. Ch\u1ea3 c\u00e1 Surimi l\u00e0 s\u1ea3n ph\u1ea9m ch\u00ednh c\u1ee7a Cty. V\u1ecb tr\u00ed c\u1ee7a Cty \u0111\u01b0\u1ee3c \u0111\u1eb7t ngay C\u1ea3ng C\u00e1 T\u1eafc C\u1eadu. C\u1ea3ng c\u00e1 l\u1edbn nh\u1ea5t c\u1ee7a Vi\u1ec7t Nam do \u0111\u00f3 &#8230; <a title=\"Kicoimex\" class=\"read-more\" href=\"https:\/\/phucuongseafood.com\/vi\/gioi-thieu\/cong-ty-thanh-vien\/kicoimex\/\" aria-label=\"More on Kicoimex\">Read more<\/a><\/p>\n","protected":false},"author":1,"featured_media":267,"parent":260,"menu_order":0,"comment_status":"closed","ping_status":"closed","template":"templates\/member-detail.php","meta":{"inline_featured_image":false},"acf":[],"yoast_head":"<!-- This site is optimized with the Yoast SEO plugin v20.0 - https:\/\/yoast.com\/wordpress\/plugins\/seo\/ -->\n<title>Kicoimex - Phu Cuong Seafood<\/title>\n<meta name=\"robots\" content=\"index, follow, max-snippet:-1, max-image-preview:large, max-video-preview:-1\" \/>\n<link rel=\"canonical\" href=\"https:\/\/phucuongseafood.com\/vi\/gioi-thieu\/cong-ty-thanh-vien\/kicoimex\/\" \/>\n<meta property=\"og:locale\" content=\"vi_VN\" \/>\n<meta property=\"og:type\" content=\"article\" \/>\n<meta property=\"og:title\" content=\"Kicoimex - Phu Cuong Seafood\" \/>\n<meta property=\"og:description\" content=\"L\u00e0 m\u1ed9t th\u00e0nh vi\u00ean c\u1ee7a T\u1eadp \u0110o\u00e0n Ph\u00fa C\u01b0\u1eddng. \u0110\u01b0\u1ee3c th\u00e0nh l\u1eadp ng\u00e0y 13\/05\/2008. Cty hi\u1ec7n c\u00f3 2 x\u00ed nghi\u1ec7p v\u1edbi t\u1ed5ng s\u1ea3n l\u01b0\u1ee3ng 30.000 t\u1ea5n\/n\u0103m. Ch\u1ea3 c\u00e1 Surimi l\u00e0 s\u1ea3n ph\u1ea9m ch\u00ednh c\u1ee7a Cty. V\u1ecb tr\u00ed c\u1ee7a Cty \u0111\u01b0\u1ee3c \u0111\u1eb7t ngay C\u1ea3ng C\u00e1 T\u1eafc C\u1eadu. C\u1ea3ng c\u00e1 l\u1edbn nh\u1ea5t c\u1ee7a Vi\u1ec7t Nam do \u0111\u00f3 ... Read more\" \/>\n<meta property=\"og:url\" content=\"https:\/\/phucuongseafood.com\/vi\/gioi-thieu\/cong-ty-thanh-vien\/kicoimex\/\" \/>\n<meta property=\"og:site_name\" content=\"Phu Cuong Seafood\" \/>\n<meta property=\"article:modified_time\" content=\"2023-02-13T03:08:03+00:00\" \/>\n<meta property=\"og:image\" content=\"https:\/\/phucuongseafood.com\/wp-content\/uploads\/2022\/12\/1-cover-optimized-compress-1.jpg\" \/>\n\t<meta property=\"og:image:width\" content=\"590\" \/>\n\t<meta property=\"og:image:height\" content=\"514\" \/>\n\t<meta property=\"og:image:type\" content=\"image\/jpeg\" \/>\n<meta name=\"twitter:card\" content=\"summary_large_image\" \/>\n<meta name=\"twitter:label1\" content=\"\u01af\u1edbc t\u00ednh th\u1eddi gian \u0111\u1ecdc\" \/>\n\t<meta name=\"twitter:data1\" content=\"1 ph\u00fat\" \/>\n<script type=\"application\/ld+json\" class=\"yoast-schema-graph\">{\"@context\":\"https:\/\/schema.org\",\"@graph\":[{\"@type\":\"WebPage\",\"@id\":\"https:\/\/phucuongseafood.com\/vi\/gioi-thieu\/cong-ty-thanh-vien\/kicoimex\/\",\"url\":\"https:\/\/phucuongseafood.com\/vi\/gioi-thieu\/cong-ty-thanh-vien\/kicoimex\/\",\"name\":\"Kicoimex - Phu Cuong Seafood\",\"isPartOf\":{\"@id\":\"https:\/\/phucuongseafood.com\/#website\"},\"datePublished\":\"2022-12-28T03:23:51+00:00\",\"dateModified\":\"2023-02-13T03:08:03+00:00\",\"breadcrumb\":{\"@id\":\"https:\/\/phucuongseafood.com\/vi\/gioi-thieu\/cong-ty-thanh-vien\/kicoimex\/#breadcrumb\"},\"inLanguage\":\"vi\",\"potentialAction\":[{\"@type\":\"ReadAction\",\"target\":[\"https:\/\/phucuongseafood.com\/vi\/gioi-thieu\/cong-ty-thanh-vien\/kicoimex\/\"]}]},{\"@type\":\"BreadcrumbList\",\"@id\":\"https:\/\/phucuongseafood.com\/vi\/gioi-thieu\/cong-ty-thanh-vien\/kicoimex\/#breadcrumb\",\"itemListElement\":[{\"@type\":\"ListItem\",\"position\":1,\"name\":\"Home\",\"item\":\"https:\/\/phucuongseafood.com\/vi\/\"},{\"@type\":\"ListItem\",\"position\":2,\"name\":\"Gi\u1edbi thi\u1ec7u\",\"item\":\"https:\/\/phucuongseafood.com\/vi\/gioi-thieu\/\"},{\"@type\":\"ListItem\",\"position\":3,\"name\":\"C\u00f4ng ty th\u00e0nh vi\u00ean\",\"item\":\"https:\/\/phucuongseafood.com\/vi\/gioi-thieu\/cong-ty-thanh-vien\/\"},{\"@type\":\"ListItem\",\"position\":4,\"name\":\"Kicoimex\"}]},{\"@type\":\"WebSite\",\"@id\":\"https:\/\/phucuongseafood.com\/#website\",\"url\":\"https:\/\/phucuongseafood.com\/\",\"name\":\"Phu Cuong Seafood\",\"description\":\"\",\"publisher\":{\"@id\":\"https:\/\/phucuongseafood.com\/#organization\"},\"potentialAction\":[{\"@type\":\"SearchAction\",\"target\":{\"@type\":\"EntryPoint\",\"urlTemplate\":\"https:\/\/phucuongseafood.com\/?s={search_term_string}\"},\"query-input\":\"required name=search_term_string\"}],\"inLanguage\":\"vi\"},{\"@type\":\"Organization\",\"@id\":\"https:\/\/phucuongseafood.com\/#organization\",\"name\":\"Phu Cuong Seafood\",\"url\":\"https:\/\/phucuongseafood.com\/\",\"logo\":{\"@type\":\"ImageObject\",\"inLanguage\":\"vi\",\"@id\":\"https:\/\/phucuongseafood.com\/#\/schema\/logo\/image\/\",\"url\":\"https:\/\/phucuongseafood.com\/wp-content\/uploads\/2022\/12\/Group-18883.svg\",\"contentUrl\":\"https:\/\/phucuongseafood.com\/wp-content\/uploads\/2022\/12\/Group-18883.svg\",\"width\":99,\"height\":87,\"caption\":\"Phu Cuong Seafood\"},\"image\":{\"@id\":\"https:\/\/phucuongseafood.com\/#\/schema\/logo\/image\/\"}}]}<\/script>\n<!-- \/ Yoast SEO plugin. -->","yoast_head_json":{"title":"Kicoimex - Phu Cuong Seafood","robots":{"index":"index","follow":"follow","max-snippet":"max-snippet:-1","max-image-preview":"max-image-preview:large","max-video-preview":"max-video-preview:-1"},"canonical":"https:\/\/phucuongseafood.com\/vi\/gioi-thieu\/cong-ty-thanh-vien\/kicoimex\/","og_locale":"vi_VN","og_type":"article","og_title":"Kicoimex - Phu Cuong Seafood","og_description":"L\u00e0 m\u1ed9t th\u00e0nh vi\u00ean c\u1ee7a T\u1eadp \u0110o\u00e0n Ph\u00fa C\u01b0\u1eddng. \u0110\u01b0\u1ee3c th\u00e0nh l\u1eadp ng\u00e0y 13\/05\/2008. Cty hi\u1ec7n c\u00f3 2 x\u00ed nghi\u1ec7p v\u1edbi t\u1ed5ng s\u1ea3n l\u01b0\u1ee3ng 30.000 t\u1ea5n\/n\u0103m. Ch\u1ea3 c\u00e1 Surimi l\u00e0 s\u1ea3n ph\u1ea9m ch\u00ednh c\u1ee7a Cty. V\u1ecb tr\u00ed c\u1ee7a Cty \u0111\u01b0\u1ee3c \u0111\u1eb7t ngay C\u1ea3ng C\u00e1 T\u1eafc C\u1eadu. C\u1ea3ng c\u00e1 l\u1edbn nh\u1ea5t c\u1ee7a Vi\u1ec7t Nam do \u0111\u00f3 ... Read more","og_url":"https:\/\/phucuongseafood.com\/vi\/gioi-thieu\/cong-ty-thanh-vien\/kicoimex\/","og_site_name":"Phu Cuong Seafood","article_modified_time":"2023-02-13T03:08:03+00:00","og_image":[{"width":590,"height":514,"url":"https:\/\/phucuongseafood.com\/wp-content\/uploads\/2022\/12\/1-cover-optimized-compress-1.jpg","type":"image\/jpeg"}],"twitter_card":"summary_large_image","twitter_misc":{"\u01af\u1edbc t\u00ednh th\u1eddi gian \u0111\u1ecdc":"1 ph\u00fat"},"schema":{"@context":"https:\/\/schema.org","@graph":[{"@type":"WebPage","@id":"https:\/\/phucuongseafood.com\/vi\/gioi-thieu\/cong-ty-thanh-vien\/kicoimex\/","url":"https:\/\/phucuongseafood.com\/vi\/gioi-thieu\/cong-ty-thanh-vien\/kicoimex\/","name":"Kicoimex - Phu Cuong Seafood","isPartOf":{"@id":"https:\/\/phucuongseafood.com\/#website"},"datePublished":"2022-12-28T03:23:51+00:00","dateModified":"2023-02-13T03:08:03+00:00","breadcrumb":{"@id":"https:\/\/phucuongseafood.com\/vi\/gioi-thieu\/cong-ty-thanh-vien\/kicoimex\/#breadcrumb"},"inLanguage":"vi","potentialAction":[{"@type":"ReadAction","target":["https:\/\/phucuongseafood.com\/vi\/gioi-thieu\/cong-ty-thanh-vien\/kicoimex\/"]}]},{"@type":"BreadcrumbList","@id":"https:\/\/phucuongseafood.com\/vi\/gioi-thieu\/cong-ty-thanh-vien\/kicoimex\/#breadcrumb","itemListElement":[{"@type":"ListItem","position":1,"name":"Home","item":"https:\/\/phucuongseafood.com\/vi\/"},{"@type":"ListItem","position":2,"name":"Gi\u1edbi thi\u1ec7u","item":"https:\/\/phucuongseafood.com\/vi\/gioi-thieu\/"},{"@type":"ListItem","position":3,"name":"C\u00f4ng ty th\u00e0nh vi\u00ean","item":"https:\/\/phucuongseafood.com\/vi\/gioi-thieu\/cong-ty-thanh-vien\/"},{"@type":"ListItem","position":4,"name":"Kicoimex"}]},{"@type":"WebSite","@id":"https:\/\/phucuongseafood.com\/#website","url":"https:\/\/phucuongseafood.com\/","name":"Phu Cuong Seafood","description":"","publisher":{"@id":"https:\/\/phucuongseafood.com\/#organization"},"potentialAction":[{"@type":"SearchAction","target":{"@type":"EntryPoint","urlTemplate":"https:\/\/phucuongseafood.com\/?s={search_term_string}"},"query-input":"required name=search_term_string"}],"inLanguage":"vi"},{"@type":"Organization","@id":"https:\/\/phucuongseafood.com\/#organization","name":"Phu Cuong Seafood","url":"https:\/\/phucuongseafood.com\/","logo":{"@type":"ImageObject","inLanguage":"vi","@id":"https:\/\/phucuongseafood.com\/#\/schema\/logo\/image\/","url":"https:\/\/phucuongseafood.com\/wp-content\/uploads\/2022\/12\/Group-18883.svg","contentUrl":"https:\/\/phucuongseafood.com\/wp-content\/uploads\/2022\/12\/Group-18883.svg","width":99,"height":87,"caption":"Phu Cuong Seafood"},"image":{"@id":"https:\/\/phucuongseafood.com\/#\/schema\/logo\/image\/"}}]}},"_links":{"self":[{"href":"https:\/\/phucuongseafood.com\/vi\/wp-json\/wp\/v2\/pages\/311"}],"collection":[{"href":"https:\/\/phucuongseafood.com\/vi\/wp-json\/wp\/v2\/pages"}],"about":[{"href":"https:\/\/phucuongseafood.com\/vi\/wp-json\/wp\/v2\/types\/page"}],"author":[{"embeddable":true,"href":"https:\/\/phucuongseafood.com\/vi\/wp-json\/wp\/v2\/users\/1"}],"replies":[{"embeddable":true,"href":"https:\/\/phucuongseafood.com\/vi\/wp-json\/wp\/v2\/comments?post=311"}],"version-history":[{"count":8,"href":"https:\/\/phucuongseafood.com\/vi\/wp-json\/wp\/v2\/pages\/311\/revisions"}],"predecessor-version":[{"id":2593,"href":"https:\/\/phucuongseafood.com\/vi\/wp-json\/wp\/v2\/pages\/311\/revisions\/2593"}],"up":[{"embeddable":true,"href":"https:\/\/phucuongseafood.com\/vi\/wp-json\/wp\/v2\/pages\/260"}],"wp:featuredmedia":[{"embeddable":true,"href":"https:\/\/phucuongseafood.com\/vi\/wp-json\/wp\/v2\/media\/267"}],"wp:attachment":[{"href":"https:\/\/phucuongseafood.com\/vi\/wp-json\/wp\/v2\/media?parent=311"}],"curies":[{"name":"wp","href":"https:\/\/api.w.org\/{rel}","templated":true}]}}