{"id":310,"date":"2022-12-28T03:24:45","date_gmt":"2022-12-28T03:24:45","guid":{"rendered":"https:\/\/phucuongseafood.com\/?page_id=310"},"modified":"2023-02-13T03:08:29","modified_gmt":"2023-02-13T03:08:29","slug":"kien-cuong-seafood","status":"publish","type":"page","link":"https:\/\/phucuongseafood.com\/vi\/gioi-thieu\/cong-ty-thanh-vien\/kien-cuong-seafood\/","title":{"rendered":"Ki\u00ean C\u01b0\u1eddng Seafood"},"content":{"rendered":"<p>L\u00e0 m\u1ed9t th\u00e0nh vi\u00ean c\u1ee7a T\u1eadp \u0110o\u00e0n Ph\u00fa C\u01b0\u1eddng. \u0110\u01b0\u1ee3c kh\u1edfi c\u00f4ng x\u00e2y d\u1ef1ng n\u0103m 2005 v\u00e0 ch\u00ednh th\u1ee9c \u0111i v\u00e0o ho\u1ea1t \u0111\u1ed9ng v\u00e0o th\u00e1ng 04 n\u0103m 2006. C\u00f4ng ty chuy\u00ean thu mua, ch\u1ebf bi\u1ebfn v\u00e0 xu\u1ea5t kh\u1ea9u c\u00e1c s\u1ea3n ph\u1ea9m t\u1eeb T\u00f4m (t\u00f4m s\u00fa, t\u00f4m th\u1ebb) v\u00e0 c\u00e1c lo\u1ea1i s\u1ea3n ph\u1ea9m kh\u00e1c \u0111\u01b0\u1ee3c ch\u1ebf bi\u1ebfn t\u01b0 ngu\u1ed3n nguy\u00ean li\u1ec7u \u0111\u01b0\u1ee3c \u0111\u00e1nh b\u1eaft t\u1eeb bi\u1ec3n nh\u01b0 B\u1ea1ch Tu\u1ed9c v\u00e0 M\u1ef1c Nang.V\u1edbi s\u1ea3n l\u01b0\u1ee3ng 12.000 t\u1ea5n th\u00e0nh ph\u1ea9m\/n\u0103m. Cty chi\u1ebfm nhi\u1ec1u \u01b0u th\u1ebf v\u1edbi c\u00e1c trang thi\u1ebft b\u1ecb ho\u00e0n ch\u1ec9nh, \u0111\u1ea7u t\u01b0 m\u1edbi v\u00e0 \u0111\u1ecba \u0111i\u1ec3m nh\u00e0 m\u00e1y \u0111\u01b0\u1ee3c \u0111\u1eb7t c\u1ea1nh C\u1ea3ng C\u00e1 T\u1eafc C\u1eadu. C\u1ea3ng c\u00e1 l\u1edbn nh\u1ea5t c\u1ee7a Vi\u1ec7t Nam do \u0111\u00f3 c\u00f3 th\u1ec3 khai th\u00e1c t\u1ed1i \u0111a ngu\u1ed3n nguy\u00ean li\u1ec7u d\u1ed3i d\u00e0o t\u1eeb c\u00e1c v\u00f9ng nu\u00f4i tr\u1ed3ng trong v\u00f9ng c\u0169ng nh\u01b0 t\u1eeb ngu\u1ed3n \u0111\u00e1nh b\u1eaft t\u1ef1 nhi\u00ean \u0111\u1ec3 b\u1ea3o \u0111\u1ea3m kh\u1ea3 n\u0103ng \u1ed5n \u0111\u1ecbnh quanh n\u0103m v\u1ec1 nguy\u00ean li\u1ec7u c\u1ea7n thi\u1ebft cho s\u1ea3n xu\u1ea5t v\u00e0 xu\u1ea5t kh\u1ea9u. Kien Cuong Seafood l\u00e0 \u0111\u1ed1i t\u00e1c \u0111\u00e1ng tin c\u1eady, s\u1ea3n ph\u1ea9m c\u1ee7a ch\u00fang t\u00f4i \u0111\u00e3 c\u00f3 m\u1eb7t t\u1ea1i r\u1ea5t nhi\u1ec1u th\u1ecb tr\u01b0\u1eddng tr\u00ean th\u1ebf gi\u1edbi.<\/p>\n<p><img decoding=\"async\" loading=\"lazy\" class=\"aligncenter wp-image-302 size-full\" src=\"https:\/\/phucuongseafood.com\/wp-content\/uploads\/2022\/12\/Component-5.jpg\" alt=\"\" width=\"997\" height=\"817\" srcset=\"https:\/\/phucuongseafood.com\/wp-content\/uploads\/2022\/12\/Component-5.jpg 997w, https:\/\/phucuongseafood.com\/wp-content\/uploads\/2022\/12\/Component-5-300x246.jpg 300w, https:\/\/phucuongseafood.com\/wp-content\/uploads\/2022\/12\/Component-5-768x629.jpg 768w\" sizes=\"(max-width: 997px) 100vw, 997px\" \/><\/p>\n","protected":false},"excerpt":{"rendered":"<p>L\u00e0 m\u1ed9t th\u00e0nh vi\u00ean c\u1ee7a T\u1eadp \u0110o\u00e0n Ph\u00fa C\u01b0\u1eddng. \u0110\u01b0\u1ee3c kh\u1edfi c\u00f4ng x\u00e2y d\u1ef1ng n\u0103m 2005 v\u00e0 ch\u00ednh th\u1ee9c \u0111i v\u00e0o ho\u1ea1t \u0111\u1ed9ng v\u00e0o th\u00e1ng 04 n\u0103m 2006. C\u00f4ng ty chuy\u00ean thu mua, ch\u1ebf bi\u1ebfn v\u00e0 xu\u1ea5t kh\u1ea9u c\u00e1c s\u1ea3n ph\u1ea9m t\u1eeb T\u00f4m (t\u00f4m s\u00fa, t\u00f4m th\u1ebb) v\u00e0 c\u00e1c lo\u1ea1i s\u1ea3n ph\u1ea9m kh\u00e1c \u0111\u01b0\u1ee3c ch\u1ebf &#8230; <a title=\"Ki\u00ean C\u01b0\u1eddng Seafood\" class=\"read-more\" href=\"https:\/\/phucuongseafood.com\/vi\/gioi-thieu\/cong-ty-thanh-vien\/kien-cuong-seafood\/\" aria-label=\"More on Ki\u00ean C\u01b0\u1eddng Seafood\">Read more<\/a><\/p>\n","protected":false},"author":1,"featured_media":263,"parent":260,"menu_order":0,"comment_status":"closed","ping_status":"closed","template":"templates\/member-detail.php","meta":{"inline_featured_image":false},"acf":[],"yoast_head":"<!-- This site is optimized with the Yoast SEO plugin v20.0 - https:\/\/yoast.com\/wordpress\/plugins\/seo\/ -->\n<title>Ki\u00ean C\u01b0\u1eddng Seafood - Phu Cuong Seafood<\/title>\n<meta name=\"robots\" content=\"index, follow, max-snippet:-1, max-image-preview:large, max-video-preview:-1\" \/>\n<link rel=\"canonical\" href=\"https:\/\/phucuongseafood.com\/vi\/gioi-thieu\/cong-ty-thanh-vien\/kien-cuong-seafood\/\" \/>\n<meta property=\"og:locale\" content=\"vi_VN\" \/>\n<meta property=\"og:type\" content=\"article\" \/>\n<meta property=\"og:title\" content=\"Ki\u00ean C\u01b0\u1eddng Seafood - Phu Cuong Seafood\" \/>\n<meta property=\"og:description\" content=\"L\u00e0 m\u1ed9t th\u00e0nh vi\u00ean c\u1ee7a T\u1eadp \u0110o\u00e0n Ph\u00fa C\u01b0\u1eddng. \u0110\u01b0\u1ee3c kh\u1edfi c\u00f4ng x\u00e2y d\u1ef1ng n\u0103m 2005 v\u00e0 ch\u00ednh th\u1ee9c \u0111i v\u00e0o ho\u1ea1t \u0111\u1ed9ng v\u00e0o th\u00e1ng 04 n\u0103m 2006. C\u00f4ng ty chuy\u00ean thu mua, ch\u1ebf bi\u1ebfn v\u00e0 xu\u1ea5t kh\u1ea9u c\u00e1c s\u1ea3n ph\u1ea9m t\u1eeb T\u00f4m (t\u00f4m s\u00fa, t\u00f4m th\u1ebb) v\u00e0 c\u00e1c lo\u1ea1i s\u1ea3n ph\u1ea9m kh\u00e1c \u0111\u01b0\u1ee3c ch\u1ebf ... Read more\" \/>\n<meta property=\"og:url\" content=\"https:\/\/phucuongseafood.com\/vi\/gioi-thieu\/cong-ty-thanh-vien\/kien-cuong-seafood\/\" \/>\n<meta property=\"og:site_name\" content=\"Phu Cuong Seafood\" \/>\n<meta property=\"article:modified_time\" content=\"2023-02-13T03:08:29+00:00\" \/>\n<meta property=\"og:image\" content=\"https:\/\/phucuongseafood.com\/wp-content\/uploads\/2022\/12\/AQUA-15-2-1.jpg\" \/>\n\t<meta property=\"og:image:width\" content=\"590\" \/>\n\t<meta property=\"og:image:height\" content=\"514\" \/>\n\t<meta property=\"og:image:type\" content=\"image\/jpeg\" \/>\n<meta name=\"twitter:card\" content=\"summary_large_image\" \/>\n<meta name=\"twitter:label1\" content=\"\u01af\u1edbc t\u00ednh th\u1eddi gian \u0111\u1ecdc\" \/>\n\t<meta name=\"twitter:data1\" content=\"2 ph\u00fat\" \/>\n<script type=\"application\/ld+json\" class=\"yoast-schema-graph\">{\"@context\":\"https:\/\/schema.org\",\"@graph\":[{\"@type\":\"WebPage\",\"@id\":\"https:\/\/phucuongseafood.com\/vi\/gioi-thieu\/cong-ty-thanh-vien\/kien-cuong-seafood\/\",\"url\":\"https:\/\/phucuongseafood.com\/vi\/gioi-thieu\/cong-ty-thanh-vien\/kien-cuong-seafood\/\",\"name\":\"Ki\u00ean C\u01b0\u1eddng Seafood - Phu Cuong Seafood\",\"isPartOf\":{\"@id\":\"https:\/\/phucuongseafood.com\/#website\"},\"datePublished\":\"2022-12-28T03:24:45+00:00\",\"dateModified\":\"2023-02-13T03:08:29+00:00\",\"breadcrumb\":{\"@id\":\"https:\/\/phucuongseafood.com\/vi\/gioi-thieu\/cong-ty-thanh-vien\/kien-cuong-seafood\/#breadcrumb\"},\"inLanguage\":\"vi\",\"potentialAction\":[{\"@type\":\"ReadAction\",\"target\":[\"https:\/\/phucuongseafood.com\/vi\/gioi-thieu\/cong-ty-thanh-vien\/kien-cuong-seafood\/\"]}]},{\"@type\":\"BreadcrumbList\",\"@id\":\"https:\/\/phucuongseafood.com\/vi\/gioi-thieu\/cong-ty-thanh-vien\/kien-cuong-seafood\/#breadcrumb\",\"itemListElement\":[{\"@type\":\"ListItem\",\"position\":1,\"name\":\"Home\",\"item\":\"https:\/\/phucuongseafood.com\/vi\/\"},{\"@type\":\"ListItem\",\"position\":2,\"name\":\"Gi\u1edbi thi\u1ec7u\",\"item\":\"https:\/\/phucuongseafood.com\/vi\/gioi-thieu\/\"},{\"@type\":\"ListItem\",\"position\":3,\"name\":\"C\u00f4ng ty th\u00e0nh vi\u00ean\",\"item\":\"https:\/\/phucuongseafood.com\/vi\/gioi-thieu\/cong-ty-thanh-vien\/\"},{\"@type\":\"ListItem\",\"position\":4,\"name\":\"Ki\u00ean C\u01b0\u1eddng Seafood\"}]},{\"@type\":\"WebSite\",\"@id\":\"https:\/\/phucuongseafood.com\/#website\",\"url\":\"https:\/\/phucuongseafood.com\/\",\"name\":\"Phu Cuong Seafood\",\"description\":\"\",\"publisher\":{\"@id\":\"https:\/\/phucuongseafood.com\/#organization\"},\"potentialAction\":[{\"@type\":\"SearchAction\",\"target\":{\"@type\":\"EntryPoint\",\"urlTemplate\":\"https:\/\/phucuongseafood.com\/?s={search_term_string}\"},\"query-input\":\"required name=search_term_string\"}],\"inLanguage\":\"vi\"},{\"@type\":\"Organization\",\"@id\":\"https:\/\/phucuongseafood.com\/#organization\",\"name\":\"Phu Cuong Seafood\",\"url\":\"https:\/\/phucuongseafood.com\/\",\"logo\":{\"@type\":\"ImageObject\",\"inLanguage\":\"vi\",\"@id\":\"https:\/\/phucuongseafood.com\/#\/schema\/logo\/image\/\",\"url\":\"https:\/\/phucuongseafood.com\/wp-content\/uploads\/2022\/12\/Group-18883.svg\",\"contentUrl\":\"https:\/\/phucuongseafood.com\/wp-content\/uploads\/2022\/12\/Group-18883.svg\",\"width\":99,\"height\":87,\"caption\":\"Phu Cuong Seafood\"},\"image\":{\"@id\":\"https:\/\/phucuongseafood.com\/#\/schema\/logo\/image\/\"}}]}<\/script>\n<!-- \/ Yoast SEO plugin. -->","yoast_head_json":{"title":"Ki\u00ean C\u01b0\u1eddng Seafood - Phu Cuong Seafood","robots":{"index":"index","follow":"follow","max-snippet":"max-snippet:-1","max-image-preview":"max-image-preview:large","max-video-preview":"max-video-preview:-1"},"canonical":"https:\/\/phucuongseafood.com\/vi\/gioi-thieu\/cong-ty-thanh-vien\/kien-cuong-seafood\/","og_locale":"vi_VN","og_type":"article","og_title":"Ki\u00ean C\u01b0\u1eddng Seafood - Phu Cuong Seafood","og_description":"L\u00e0 m\u1ed9t th\u00e0nh vi\u00ean c\u1ee7a T\u1eadp \u0110o\u00e0n Ph\u00fa C\u01b0\u1eddng. \u0110\u01b0\u1ee3c kh\u1edfi c\u00f4ng x\u00e2y d\u1ef1ng n\u0103m 2005 v\u00e0 ch\u00ednh th\u1ee9c \u0111i v\u00e0o ho\u1ea1t \u0111\u1ed9ng v\u00e0o th\u00e1ng 04 n\u0103m 2006. C\u00f4ng ty chuy\u00ean thu mua, ch\u1ebf bi\u1ebfn v\u00e0 xu\u1ea5t kh\u1ea9u c\u00e1c s\u1ea3n ph\u1ea9m t\u1eeb T\u00f4m (t\u00f4m s\u00fa, t\u00f4m th\u1ebb) v\u00e0 c\u00e1c lo\u1ea1i s\u1ea3n ph\u1ea9m kh\u00e1c \u0111\u01b0\u1ee3c ch\u1ebf ... Read more","og_url":"https:\/\/phucuongseafood.com\/vi\/gioi-thieu\/cong-ty-thanh-vien\/kien-cuong-seafood\/","og_site_name":"Phu Cuong Seafood","article_modified_time":"2023-02-13T03:08:29+00:00","og_image":[{"width":590,"height":514,"url":"https:\/\/phucuongseafood.com\/wp-content\/uploads\/2022\/12\/AQUA-15-2-1.jpg","type":"image\/jpeg"}],"twitter_card":"summary_large_image","twitter_misc":{"\u01af\u1edbc t\u00ednh th\u1eddi gian \u0111\u1ecdc":"2 ph\u00fat"},"schema":{"@context":"https:\/\/schema.org","@graph":[{"@type":"WebPage","@id":"https:\/\/phucuongseafood.com\/vi\/gioi-thieu\/cong-ty-thanh-vien\/kien-cuong-seafood\/","url":"https:\/\/phucuongseafood.com\/vi\/gioi-thieu\/cong-ty-thanh-vien\/kien-cuong-seafood\/","name":"Ki\u00ean C\u01b0\u1eddng Seafood - Phu Cuong Seafood","isPartOf":{"@id":"https:\/\/phucuongseafood.com\/#website"},"datePublished":"2022-12-28T03:24:45+00:00","dateModified":"2023-02-13T03:08:29+00:00","breadcrumb":{"@id":"https:\/\/phucuongseafood.com\/vi\/gioi-thieu\/cong-ty-thanh-vien\/kien-cuong-seafood\/#breadcrumb"},"inLanguage":"vi","potentialAction":[{"@type":"ReadAction","target":["https:\/\/phucuongseafood.com\/vi\/gioi-thieu\/cong-ty-thanh-vien\/kien-cuong-seafood\/"]}]},{"@type":"BreadcrumbList","@id":"https:\/\/phucuongseafood.com\/vi\/gioi-thieu\/cong-ty-thanh-vien\/kien-cuong-seafood\/#breadcrumb","itemListElement":[{"@type":"ListItem","position":1,"name":"Home","item":"https:\/\/phucuongseafood.com\/vi\/"},{"@type":"ListItem","position":2,"name":"Gi\u1edbi thi\u1ec7u","item":"https:\/\/phucuongseafood.com\/vi\/gioi-thieu\/"},{"@type":"ListItem","position":3,"name":"C\u00f4ng ty th\u00e0nh vi\u00ean","item":"https:\/\/phucuongseafood.com\/vi\/gioi-thieu\/cong-ty-thanh-vien\/"},{"@type":"ListItem","position":4,"name":"Ki\u00ean C\u01b0\u1eddng Seafood"}]},{"@type":"WebSite","@id":"https:\/\/phucuongseafood.com\/#website","url":"https:\/\/phucuongseafood.com\/","name":"Phu Cuong Seafood","description":"","publisher":{"@id":"https:\/\/phucuongseafood.com\/#organization"},"potentialAction":[{"@type":"SearchAction","target":{"@type":"EntryPoint","urlTemplate":"https:\/\/phucuongseafood.com\/?s={search_term_string}"},"query-input":"required name=search_term_string"}],"inLanguage":"vi"},{"@type":"Organization","@id":"https:\/\/phucuongseafood.com\/#organization","name":"Phu Cuong Seafood","url":"https:\/\/phucuongseafood.com\/","logo":{"@type":"ImageObject","inLanguage":"vi","@id":"https:\/\/phucuongseafood.com\/#\/schema\/logo\/image\/","url":"https:\/\/phucuongseafood.com\/wp-content\/uploads\/2022\/12\/Group-18883.svg","contentUrl":"https:\/\/phucuongseafood.com\/wp-content\/uploads\/2022\/12\/Group-18883.svg","width":99,"height":87,"caption":"Phu Cuong Seafood"},"image":{"@id":"https:\/\/phucuongseafood.com\/#\/schema\/logo\/image\/"}}]}},"_links":{"self":[{"href":"https:\/\/phucuongseafood.com\/vi\/wp-json\/wp\/v2\/pages\/310"}],"collection":[{"href":"https:\/\/phucuongseafood.com\/vi\/wp-json\/wp\/v2\/pages"}],"about":[{"href":"https:\/\/phucuongseafood.com\/vi\/wp-json\/wp\/v2\/types\/page"}],"author":[{"embeddable":true,"href":"https:\/\/phucuongseafood.com\/vi\/wp-json\/wp\/v2\/users\/1"}],"replies":[{"embeddable":true,"href":"https:\/\/phucuongseafood.com\/vi\/wp-json\/wp\/v2\/comments?post=310"}],"version-history":[{"count":9,"href":"https:\/\/phucuongseafood.com\/vi\/wp-json\/wp\/v2\/pages\/310\/revisions"}],"predecessor-version":[{"id":2594,"href":"https:\/\/phucuongseafood.com\/vi\/wp-json\/wp\/v2\/pages\/310\/revisions\/2594"}],"up":[{"embeddable":true,"href":"https:\/\/phucuongseafood.com\/vi\/wp-json\/wp\/v2\/pages\/260"}],"wp:featuredmedia":[{"embeddable":true,"href":"https:\/\/phucuongseafood.com\/vi\/wp-json\/wp\/v2\/media\/263"}],"wp:attachment":[{"href":"https:\/\/phucuongseafood.com\/vi\/wp-json\/wp\/v2\/media?parent=310"}],"curies":[{"name":"wp","href":"https:\/\/api.w.org\/{rel}","templated":true}]}}