{"id":270,"date":"2022-12-28T03:25:45","date_gmt":"2022-12-28T03:25:45","guid":{"rendered":"https:\/\/phucuongseafood.com\/?page_id=270"},"modified":"2023-02-13T03:08:36","modified_gmt":"2023-02-13T03:08:36","slug":"phu-cuong-kien-cuong-co-ltd","status":"publish","type":"page","link":"https:\/\/phucuongseafood.com\/vi\/gioi-thieu\/cong-ty-thanh-vien\/phu-cuong-kien-cuong-co-ltd\/","title":{"rendered":"PH\u00da C\u01af\u1edcNG &#8211; KI\u00caN C\u01af\u1edcNG CO., LTD"},"content":{"rendered":"<p>Ph\u00fa C\u01b0\u1eddng &#8211; Ki\u00ean C\u01b0\u1eddng Co., Ltd. ti\u1ec1n th\u00e2n l\u00e0 Cty TNHH Ph\u00fa C\u01b0\u1eddng. \u0110\u01b0\u1ee3c th\u00e0nh l\u1eadp ng\u00e0y 20\/11\/1995 l\u00e0 m\u1ed9t trong nh\u1eefng C\u00f4ng ty t\u01b0 nh\u00e2n \u0111\u1ea7u ti\u00ean c\u1ee7a t\u1ec9nh C\u00e0 Mau chuy\u00ean thu mua, ch\u1ebf bi\u1ebfn v\u00e0 xu\u1ea5t kh\u1ea9u th\u1ee7y h\u1ea3i s\u1ea3n. Trong \u0111\u00f3 T\u00f4m l\u00e0 s\u1ea3n ph\u1ea9m ch\u1ee7 l\u1ef1c c\u1ee7a Cty. Tr\u1ea3i qua m\u1ed9t ch\u1eb7ng \u0111\u01b0\u1eddng d\u00e0i h\u01a1n 27 n\u0103m li\u00ean t\u1ee5c ph\u00e1t tri\u1ec3n kh\u00f4ng ng\u1eebng th\u01b0\u01a1ng hi\u1ec7u Ph\u00fa C\u01b0\u1eddng \u0111\u00e3 chi\u1ebfm m\u1ed9t v\u1ecb tr\u00ed r\u1ea5t cao trong ng\u00e0nh th\u1ee7y h\u1ea3i s\u1ea3n trong n\u01b0\u1edbc c\u0169ng nh\u01b0 tr\u00ean th\u01b0\u01a1ng tr\u01b0\u1eddng qu\u1ed1c t\u1ebf. V\u1edbi l\u1ee3i th\u1ebf n\u1eb1m ngay trung t\u00e2m nguy\u00ean li\u1ec7u v\u00e0 ti\u1ebfp gi\u00e1p v\u1edbi c\u00e1c v\u00f9ng nguy\u00ean li\u1ec7u l\u1edbn l\u00e2n c\u1eadn nh\u01b0 B\u1ea1c Li\u00eau, S\u00f3c Tr\u0103ng, v\u00e0 Ki\u00ean Giang (An Minh, An Bi\u00ean, V\u0129nh thu\u1eadn). Ch\u00fang t\u00f4i t\u1ef1 h\u00e0o v\u00e0 tin t\u01b0\u1edfng r\u1eb1ng, ch\u00fang t\u00f4i c\u00f3 th\u1ec3 cung c\u1ea5p \u0111\u01b0\u1ee3c \u0111a d\u1ea1ng c\u00e1c s\u1ea3n ph\u1ea9m, uy t\u00edn, ch\u1ea5t l\u01b0\u1ee3ng v\u00e0 gi\u00e1 c\u1ea3 h\u1ee3p l\u00fd cho t\u1ea5t c\u1ea3 c\u00e1c kh\u00e1ch h\u00e0ng tr\u00ean to\u00e0n th\u1ebf gi\u1edbi d\u00f9 l\u00e0 nh\u1eefng kh\u00e1ch h\u00e0ng kh\u00f3 t\u00ednh nh\u1ea5t. Nh\u00e0 m\u00e1y c\u00f3 di\u1ec7n t\u00edch 30.0000m2, c\u00f4ng su\u1ea5t s\u1ea3n xu\u1ea5t 10.000 t\u1ea5n\/n\u0103m v\u1edbi m\u00e1y m\u00f3c v\u00e0 trang thi\u1ebft b\u1ecb hi\u1ec7n \u0111\u1ea1i.<\/p>\n<p><img decoding=\"async\" loading=\"lazy\" class=\"aligncenter wp-image-300 size-full\" src=\"https:\/\/phucuongseafood.com\/wp-content\/uploads\/2022\/12\/Component-4.jpg\" alt=\"\" width=\"995\" height=\"821\" srcset=\"https:\/\/phucuongseafood.com\/wp-content\/uploads\/2022\/12\/Component-4.jpg 995w, https:\/\/phucuongseafood.com\/wp-content\/uploads\/2022\/12\/Component-4-300x248.jpg 300w, https:\/\/phucuongseafood.com\/wp-content\/uploads\/2022\/12\/Component-4-768x634.jpg 768w\" sizes=\"(max-width: 995px) 100vw, 995px\" \/><\/p>\n","protected":false},"excerpt":{"rendered":"<p>Ph\u00fa C\u01b0\u1eddng &#8211; Ki\u00ean C\u01b0\u1eddng Co., Ltd. ti\u1ec1n th\u00e2n l\u00e0 Cty TNHH Ph\u00fa C\u01b0\u1eddng. \u0110\u01b0\u1ee3c th\u00e0nh l\u1eadp ng\u00e0y 20\/11\/1995 l\u00e0 m\u1ed9t trong nh\u1eefng C\u00f4ng ty t\u01b0 nh\u00e2n \u0111\u1ea7u ti\u00ean c\u1ee7a t\u1ec9nh C\u00e0 Mau chuy\u00ean thu mua, ch\u1ebf bi\u1ebfn v\u00e0 xu\u1ea5t kh\u1ea9u th\u1ee7y h\u1ea3i s\u1ea3n. Trong \u0111\u00f3 T\u00f4m l\u00e0 s\u1ea3n ph\u1ea9m ch\u1ee7 l\u1ef1c c\u1ee7a Cty. Tr\u1ea3i &#8230; <a title=\"PH\u00da C\u01af\u1edcNG &#8211; KI\u00caN C\u01af\u1edcNG CO., LTD\" class=\"read-more\" href=\"https:\/\/phucuongseafood.com\/vi\/gioi-thieu\/cong-ty-thanh-vien\/phu-cuong-kien-cuong-co-ltd\/\" aria-label=\"More on PH\u00da C\u01af\u1edcNG &#8211; KI\u00caN C\u01af\u1edcNG CO., LTD\">Read more<\/a><\/p>\n","protected":false},"author":1,"featured_media":265,"parent":260,"menu_order":0,"comment_status":"closed","ping_status":"closed","template":"templates\/member-detail.php","meta":{"inline_featured_image":false},"acf":[],"yoast_head":"<!-- This site is optimized with the Yoast SEO plugin v20.0 - https:\/\/yoast.com\/wordpress\/plugins\/seo\/ -->\n<title>PH\u00da C\u01af\u1edcNG - KI\u00caN C\u01af\u1edcNG CO., LTD - Phu Cuong Seafood<\/title>\n<meta name=\"robots\" content=\"index, follow, max-snippet:-1, max-image-preview:large, max-video-preview:-1\" \/>\n<link rel=\"canonical\" href=\"https:\/\/phucuongseafood.com\/vi\/gioi-thieu\/cong-ty-thanh-vien\/phu-cuong-kien-cuong-co-ltd\/\" \/>\n<meta property=\"og:locale\" content=\"vi_VN\" \/>\n<meta property=\"og:type\" content=\"article\" \/>\n<meta property=\"og:title\" content=\"PH\u00da C\u01af\u1edcNG - KI\u00caN C\u01af\u1edcNG CO., LTD - Phu Cuong Seafood\" \/>\n<meta property=\"og:description\" content=\"Ph\u00fa C\u01b0\u1eddng &#8211; Ki\u00ean C\u01b0\u1eddng Co., Ltd. ti\u1ec1n th\u00e2n l\u00e0 Cty TNHH Ph\u00fa C\u01b0\u1eddng. \u0110\u01b0\u1ee3c th\u00e0nh l\u1eadp ng\u00e0y 20\/11\/1995 l\u00e0 m\u1ed9t trong nh\u1eefng C\u00f4ng ty t\u01b0 nh\u00e2n \u0111\u1ea7u ti\u00ean c\u1ee7a t\u1ec9nh C\u00e0 Mau chuy\u00ean thu mua, ch\u1ebf bi\u1ebfn v\u00e0 xu\u1ea5t kh\u1ea9u th\u1ee7y h\u1ea3i s\u1ea3n. Trong \u0111\u00f3 T\u00f4m l\u00e0 s\u1ea3n ph\u1ea9m ch\u1ee7 l\u1ef1c c\u1ee7a Cty. Tr\u1ea3i ... Read more\" \/>\n<meta property=\"og:url\" content=\"https:\/\/phucuongseafood.com\/vi\/gioi-thieu\/cong-ty-thanh-vien\/phu-cuong-kien-cuong-co-ltd\/\" \/>\n<meta property=\"og:site_name\" content=\"Phu Cuong Seafood\" \/>\n<meta property=\"article:modified_time\" content=\"2023-02-13T03:08:36+00:00\" \/>\n<meta property=\"og:image\" content=\"https:\/\/phucuongseafood.com\/wp-content\/uploads\/2022\/12\/AQUA-18-4.jpg\" \/>\n\t<meta property=\"og:image:width\" content=\"590\" \/>\n\t<meta property=\"og:image:height\" content=\"514\" \/>\n\t<meta property=\"og:image:type\" content=\"image\/jpeg\" \/>\n<meta name=\"twitter:card\" content=\"summary_large_image\" \/>\n<meta name=\"twitter:label1\" content=\"\u01af\u1edbc t\u00ednh th\u1eddi gian \u0111\u1ecdc\" \/>\n\t<meta name=\"twitter:data1\" content=\"2 ph\u00fat\" \/>\n<script type=\"application\/ld+json\" class=\"yoast-schema-graph\">{\"@context\":\"https:\/\/schema.org\",\"@graph\":[{\"@type\":\"WebPage\",\"@id\":\"https:\/\/phucuongseafood.com\/vi\/gioi-thieu\/cong-ty-thanh-vien\/phu-cuong-kien-cuong-co-ltd\/\",\"url\":\"https:\/\/phucuongseafood.com\/vi\/gioi-thieu\/cong-ty-thanh-vien\/phu-cuong-kien-cuong-co-ltd\/\",\"name\":\"PH\u00da C\u01af\u1edcNG - KI\u00caN C\u01af\u1edcNG CO., LTD - Phu Cuong Seafood\",\"isPartOf\":{\"@id\":\"https:\/\/phucuongseafood.com\/#website\"},\"datePublished\":\"2022-12-28T03:25:45+00:00\",\"dateModified\":\"2023-02-13T03:08:36+00:00\",\"breadcrumb\":{\"@id\":\"https:\/\/phucuongseafood.com\/vi\/gioi-thieu\/cong-ty-thanh-vien\/phu-cuong-kien-cuong-co-ltd\/#breadcrumb\"},\"inLanguage\":\"vi\",\"potentialAction\":[{\"@type\":\"ReadAction\",\"target\":[\"https:\/\/phucuongseafood.com\/vi\/gioi-thieu\/cong-ty-thanh-vien\/phu-cuong-kien-cuong-co-ltd\/\"]}]},{\"@type\":\"BreadcrumbList\",\"@id\":\"https:\/\/phucuongseafood.com\/vi\/gioi-thieu\/cong-ty-thanh-vien\/phu-cuong-kien-cuong-co-ltd\/#breadcrumb\",\"itemListElement\":[{\"@type\":\"ListItem\",\"position\":1,\"name\":\"Home\",\"item\":\"https:\/\/phucuongseafood.com\/vi\/\"},{\"@type\":\"ListItem\",\"position\":2,\"name\":\"Gi\u1edbi thi\u1ec7u\",\"item\":\"https:\/\/phucuongseafood.com\/vi\/gioi-thieu\/\"},{\"@type\":\"ListItem\",\"position\":3,\"name\":\"C\u00f4ng ty th\u00e0nh vi\u00ean\",\"item\":\"https:\/\/phucuongseafood.com\/vi\/gioi-thieu\/cong-ty-thanh-vien\/\"},{\"@type\":\"ListItem\",\"position\":4,\"name\":\"PH\u00da C\u01af\u1edcNG &#8211; KI\u00caN C\u01af\u1edcNG CO., LTD\"}]},{\"@type\":\"WebSite\",\"@id\":\"https:\/\/phucuongseafood.com\/#website\",\"url\":\"https:\/\/phucuongseafood.com\/\",\"name\":\"Phu Cuong Seafood\",\"description\":\"\",\"publisher\":{\"@id\":\"https:\/\/phucuongseafood.com\/#organization\"},\"potentialAction\":[{\"@type\":\"SearchAction\",\"target\":{\"@type\":\"EntryPoint\",\"urlTemplate\":\"https:\/\/phucuongseafood.com\/?s={search_term_string}\"},\"query-input\":\"required name=search_term_string\"}],\"inLanguage\":\"vi\"},{\"@type\":\"Organization\",\"@id\":\"https:\/\/phucuongseafood.com\/#organization\",\"name\":\"Phu Cuong Seafood\",\"url\":\"https:\/\/phucuongseafood.com\/\",\"logo\":{\"@type\":\"ImageObject\",\"inLanguage\":\"vi\",\"@id\":\"https:\/\/phucuongseafood.com\/#\/schema\/logo\/image\/\",\"url\":\"https:\/\/phucuongseafood.com\/wp-content\/uploads\/2022\/12\/Group-18883.svg\",\"contentUrl\":\"https:\/\/phucuongseafood.com\/wp-content\/uploads\/2022\/12\/Group-18883.svg\",\"width\":99,\"height\":87,\"caption\":\"Phu Cuong Seafood\"},\"image\":{\"@id\":\"https:\/\/phucuongseafood.com\/#\/schema\/logo\/image\/\"}}]}<\/script>\n<!-- \/ Yoast SEO plugin. -->","yoast_head_json":{"title":"PH\u00da C\u01af\u1edcNG - KI\u00caN C\u01af\u1edcNG CO., LTD - Phu Cuong Seafood","robots":{"index":"index","follow":"follow","max-snippet":"max-snippet:-1","max-image-preview":"max-image-preview:large","max-video-preview":"max-video-preview:-1"},"canonical":"https:\/\/phucuongseafood.com\/vi\/gioi-thieu\/cong-ty-thanh-vien\/phu-cuong-kien-cuong-co-ltd\/","og_locale":"vi_VN","og_type":"article","og_title":"PH\u00da C\u01af\u1edcNG - KI\u00caN C\u01af\u1edcNG CO., LTD - Phu Cuong Seafood","og_description":"Ph\u00fa C\u01b0\u1eddng &#8211; Ki\u00ean C\u01b0\u1eddng Co., Ltd. ti\u1ec1n th\u00e2n l\u00e0 Cty TNHH Ph\u00fa C\u01b0\u1eddng. \u0110\u01b0\u1ee3c th\u00e0nh l\u1eadp ng\u00e0y 20\/11\/1995 l\u00e0 m\u1ed9t trong nh\u1eefng C\u00f4ng ty t\u01b0 nh\u00e2n \u0111\u1ea7u ti\u00ean c\u1ee7a t\u1ec9nh C\u00e0 Mau chuy\u00ean thu mua, ch\u1ebf bi\u1ebfn v\u00e0 xu\u1ea5t kh\u1ea9u th\u1ee7y h\u1ea3i s\u1ea3n. Trong \u0111\u00f3 T\u00f4m l\u00e0 s\u1ea3n ph\u1ea9m ch\u1ee7 l\u1ef1c c\u1ee7a Cty. Tr\u1ea3i ... Read more","og_url":"https:\/\/phucuongseafood.com\/vi\/gioi-thieu\/cong-ty-thanh-vien\/phu-cuong-kien-cuong-co-ltd\/","og_site_name":"Phu Cuong Seafood","article_modified_time":"2023-02-13T03:08:36+00:00","og_image":[{"width":590,"height":514,"url":"https:\/\/phucuongseafood.com\/wp-content\/uploads\/2022\/12\/AQUA-18-4.jpg","type":"image\/jpeg"}],"twitter_card":"summary_large_image","twitter_misc":{"\u01af\u1edbc t\u00ednh th\u1eddi gian \u0111\u1ecdc":"2 ph\u00fat"},"schema":{"@context":"https:\/\/schema.org","@graph":[{"@type":"WebPage","@id":"https:\/\/phucuongseafood.com\/vi\/gioi-thieu\/cong-ty-thanh-vien\/phu-cuong-kien-cuong-co-ltd\/","url":"https:\/\/phucuongseafood.com\/vi\/gioi-thieu\/cong-ty-thanh-vien\/phu-cuong-kien-cuong-co-ltd\/","name":"PH\u00da C\u01af\u1edcNG - KI\u00caN C\u01af\u1edcNG CO., LTD - Phu Cuong Seafood","isPartOf":{"@id":"https:\/\/phucuongseafood.com\/#website"},"datePublished":"2022-12-28T03:25:45+00:00","dateModified":"2023-02-13T03:08:36+00:00","breadcrumb":{"@id":"https:\/\/phucuongseafood.com\/vi\/gioi-thieu\/cong-ty-thanh-vien\/phu-cuong-kien-cuong-co-ltd\/#breadcrumb"},"inLanguage":"vi","potentialAction":[{"@type":"ReadAction","target":["https:\/\/phucuongseafood.com\/vi\/gioi-thieu\/cong-ty-thanh-vien\/phu-cuong-kien-cuong-co-ltd\/"]}]},{"@type":"BreadcrumbList","@id":"https:\/\/phucuongseafood.com\/vi\/gioi-thieu\/cong-ty-thanh-vien\/phu-cuong-kien-cuong-co-ltd\/#breadcrumb","itemListElement":[{"@type":"ListItem","position":1,"name":"Home","item":"https:\/\/phucuongseafood.com\/vi\/"},{"@type":"ListItem","position":2,"name":"Gi\u1edbi thi\u1ec7u","item":"https:\/\/phucuongseafood.com\/vi\/gioi-thieu\/"},{"@type":"ListItem","position":3,"name":"C\u00f4ng ty th\u00e0nh vi\u00ean","item":"https:\/\/phucuongseafood.com\/vi\/gioi-thieu\/cong-ty-thanh-vien\/"},{"@type":"ListItem","position":4,"name":"PH\u00da C\u01af\u1edcNG &#8211; KI\u00caN C\u01af\u1edcNG CO., LTD"}]},{"@type":"WebSite","@id":"https:\/\/phucuongseafood.com\/#website","url":"https:\/\/phucuongseafood.com\/","name":"Phu Cuong Seafood","description":"","publisher":{"@id":"https:\/\/phucuongseafood.com\/#organization"},"potentialAction":[{"@type":"SearchAction","target":{"@type":"EntryPoint","urlTemplate":"https:\/\/phucuongseafood.com\/?s={search_term_string}"},"query-input":"required name=search_term_string"}],"inLanguage":"vi"},{"@type":"Organization","@id":"https:\/\/phucuongseafood.com\/#organization","name":"Phu Cuong Seafood","url":"https:\/\/phucuongseafood.com\/","logo":{"@type":"ImageObject","inLanguage":"vi","@id":"https:\/\/phucuongseafood.com\/#\/schema\/logo\/image\/","url":"https:\/\/phucuongseafood.com\/wp-content\/uploads\/2022\/12\/Group-18883.svg","contentUrl":"https:\/\/phucuongseafood.com\/wp-content\/uploads\/2022\/12\/Group-18883.svg","width":99,"height":87,"caption":"Phu Cuong Seafood"},"image":{"@id":"https:\/\/phucuongseafood.com\/#\/schema\/logo\/image\/"}}]}},"_links":{"self":[{"href":"https:\/\/phucuongseafood.com\/vi\/wp-json\/wp\/v2\/pages\/270"}],"collection":[{"href":"https:\/\/phucuongseafood.com\/vi\/wp-json\/wp\/v2\/pages"}],"about":[{"href":"https:\/\/phucuongseafood.com\/vi\/wp-json\/wp\/v2\/types\/page"}],"author":[{"embeddable":true,"href":"https:\/\/phucuongseafood.com\/vi\/wp-json\/wp\/v2\/users\/1"}],"replies":[{"embeddable":true,"href":"https:\/\/phucuongseafood.com\/vi\/wp-json\/wp\/v2\/comments?post=270"}],"version-history":[{"count":13,"href":"https:\/\/phucuongseafood.com\/vi\/wp-json\/wp\/v2\/pages\/270\/revisions"}],"predecessor-version":[{"id":2595,"href":"https:\/\/phucuongseafood.com\/vi\/wp-json\/wp\/v2\/pages\/270\/revisions\/2595"}],"up":[{"embeddable":true,"href":"https:\/\/phucuongseafood.com\/vi\/wp-json\/wp\/v2\/pages\/260"}],"wp:featuredmedia":[{"embeddable":true,"href":"https:\/\/phucuongseafood.com\/vi\/wp-json\/wp\/v2\/media\/265"}],"wp:attachment":[{"href":"https:\/\/phucuongseafood.com\/vi\/wp-json\/wp\/v2\/media?parent=270"}],"curies":[{"name":"wp","href":"https:\/\/api.w.org\/{rel}","templated":true}]}}